{"id":9227,"date":"2020-08-26T13:06:17","date_gmt":"2020-08-26T13:06:17","guid":{"rendered":"https:\/\/professionalsmiles.net\/inhouse-discount-plan\/"},"modified":"2026-04-21T14:36:38","modified_gmt":"2026-04-21T18:36:38","slug":"inhouse-discount-plan","status":"publish","type":"page","link":"https:\/\/professionalsmiles.net\/es\/inhouse-discount-plan\/","title":{"rendered":"Plan de descuentos internos"},"content":{"rendered":"<div id=\"cs-content\" class=\"cs-content\"><div class=\"x-section e9227-e1 m74b-0 m74b-1 m74b-2 m74b-6 hero_video\"><div class=\"x-bg\"><div class=\"x-bg-layer-lower-img\"><img sizes=\"(max-width: 1300px) 100vw, 1300px\" srcset=\"https:\/\/professionalsmiles.net\/wp-content\/uploads\/sites\/28\/2021\/08\/Family.jpg 1300w, https:\/\/professionalsmiles.net\/wp-content\/uploads\/sites\/28\/2021\/08\/Family-300x208.jpg 300w, https:\/\/professionalsmiles.net\/wp-content\/uploads\/sites\/28\/2021\/08\/Family-1024x709.jpg 1024w, https:\/\/professionalsmiles.net\/wp-content\/uploads\/sites\/28\/2021\/08\/Family-768x532.jpg 768w, https:\/\/professionalsmiles.net\/wp-content\/uploads\/sites\/28\/2021\/08\/Family-100x69.jpg 100w\" decoding=\"async\" src=\"\/wp-content\/uploads\/2021\/08\/Family.jpg\" alt=\"A smiling woman and man sit on a couch playing video games with controllers, while a young girl behind them cheers with her arms raised, all appearing happy and excited in a bright living room.\"\/><\/div><div class=\"x-bg-layer-upper-color\" aria-hidden=\"true\"><\/div><\/div><div class=\"x-row x-container max width e9227-e2 m74b-7 m74b-8 m74b-9 m74b-k m74b-l\"><div class=\"x-row-inner\"><div class=\"x-col e9227-e3 m74b-t m74b-u m74b-v m74b-w m74b-x m74b-y\"><div class=\"x-div e9227-e4 m74b-17\"><div class=\"x-text x-content e9227-e5 m74b-18 m74b-19 m74b-1a m74b-1b m74b-1c m74b-1d m74b-1e m74b-1f\"><p class=\"p9px txt_white\">Se Habla Espa\u00f1ol<\/p><\/div><div class=\"x-text x-content e9227-e6 m74b-18 m74b-19 m74b-1a m74b-1b m74b-1c m74b-1d m74b-1e m74b-1f\"><p class=\"p9px txt_white\">Citas de urgencia disponibles<\/p><\/div><\/div><div class=\"x-text x-content e9227-e7 m74b-18 m74b-1a m74b-1c m74b-1d m74b-1f m74b-1g\"><a class=\"x-image\" href=\"\/es\/homepage\/\" style=\"outline: none;\"><img sizes=\"(max-width: 960px) 100vw, 960px\" srcset=\"https:\/\/professionalsmiles.net\/wp-content\/uploads\/sites\/28\/2025\/09\/GPI-0128-001_OTD_White_960x356.png 960w, https:\/\/professionalsmiles.net\/wp-content\/uploads\/sites\/28\/2025\/09\/GPI-0128-001_OTD_White_960x356-300x111.png 300w, https:\/\/professionalsmiles.net\/wp-content\/uploads\/sites\/28\/2025\/09\/GPI-0128-001_OTD_White_960x356-768x285.png 768w, https:\/\/professionalsmiles.net\/wp-content\/uploads\/sites\/28\/2025\/09\/GPI-0128-001_OTD_White_960x356-18x7.png 18w, https:\/\/professionalsmiles.net\/wp-content\/uploads\/sites\/28\/2025\/09\/GPI-0128-001_OTD_White_960x356-100x37.png 100w\" decoding=\"async\" src=\"https:\/\/professionalsmiles.net\/wp-content\/uploads\/sites\/28\/2025\/09\/GPI-0128-001_OTD_White_960x356.png\" width=\"480\" height=\"178\" alt=\"Professional Smiles Logo\" loading=\"lazy\"><\/a><\/div><\/div><\/div><\/div><div class=\"x-row x-container max width e9227-e8 m74b-7 m74b-a m74b-k m74b-m\"><div class=\"x-row-inner\"><div class=\"x-col e9227-e9 m74b-t m74b-v m74b-x m74b-y m74b-z m74b-10\"><div class=\"x-text x-content e9227-e10 m74b-18 m74b-1a m74b-1c m74b-1d m74b-1e m74b-1h m74b-1i\"><h1 class=\"txt_white\">Cobertura dental para usted y toda su familia<\/h1><\/div><\/div><\/div><\/div><\/div><div class=\"x-section e9227-e11 m74b-0 m74b-2 m74b-3 m74b-4\" style=\"--tco-dc74b-1:rgba(241, 236, 214, 0.4);--tco-dc74b-4:rgba(241, 236, 214, 0.4);\"><div class=\"x-row x-container max width e9227-e12 m74b-7 m74b-b m74b-c m74b-d m74b-e m74b-k m74b-n\" style=\"--tco-dc74b-7:rgb(255, 255, 255);--tco-dc74b-a:rgb(255, 255, 255);--tco-dc74b-d:rgb(255, 255, 255);\"><div class=\"x-row-inner\"><div class=\"x-col e9227-e13 m74b-t m74b-u m74b-x m74b-y m74b-11 m74b-12\"><div class=\"x-text x-content e9227-e14 m74b-18 m74b-1h m74b-1j m74b-1k m74b-1l m74b-1m m74b-1n m74b-1o\"><h2>En Professional Smiles, queremos ofrecer una atenci\u00f3n dental c\u00f3moda y de alta calidad a todo el mundo.<\/h2><\/div><div class=\"x-text x-content e9227-e15 m74b-18 m74b-19 m74b-1j m74b-1l m74b-1m m74b-1n m74b-1o m74b-1p\"><p class=\"pdefault\">Los pacientes sin seguro a\u00fan pueden ahorrar en nuestros excelentes servicios odontol\u00f3gicos generales, preventivos y est\u00e9ticos.<\/p>\n<p class=\"pdefault\">Por eso ofrecemos un plan interno de descuentos. El plan incluye el mismo cuidado dental profesional superior que usted espera mientras que goza de ahorros significativos en procedimientos dentales regulares. Ofreciendo descuentos entre <b>10 a 20%<\/b>\u00a0en la mayor\u00eda de los procedimientos dentales, desde limpiezas dentales hasta empastes.<\/p><\/div><\/div><div class=\"x-col e9227-e16 m74b-t m74b-v m74b-x m74b-z m74b-13 m74b-14\"><div class=\"x-bg\"><div class=\"x-bg-layer-lower-img\"><img sizes=\"(max-width: 900px) 100vw, 900px\" srcset=\"https:\/\/professionalsmiles.net\/wp-content\/uploads\/sites\/28\/2021\/12\/master_spl_InHouse.jpg 900w, https:\/\/professionalsmiles.net\/wp-content\/uploads\/sites\/28\/2021\/12\/master_spl_InHouse-300x300.jpg 300w, https:\/\/professionalsmiles.net\/wp-content\/uploads\/sites\/28\/2021\/12\/master_spl_InHouse-150x150.jpg 150w, https:\/\/professionalsmiles.net\/wp-content\/uploads\/sites\/28\/2021\/12\/master_spl_InHouse-768x768.jpg 768w, https:\/\/professionalsmiles.net\/wp-content\/uploads\/sites\/28\/2021\/12\/master_spl_InHouse-12x12.jpg 12w, https:\/\/professionalsmiles.net\/wp-content\/uploads\/sites\/28\/2021\/12\/master_spl_InHouse-100x100.jpg 100w\" decoding=\"async\" src=\"\/wp-content\/uploads\/2021\/12\/master_spl_InHouse.jpg\" alt=\"A smiling couple sits close together on a couch, sharing a pair of earphones and looking at a smartphone, enjoying music or a video in a cozy living room setting.\"\/><\/div><\/div><\/div><\/div><\/div><div class=\"x-row x-container max width e9227-e17 m74b-7 m74b-9 m74b-b m74b-e m74b-f m74b-k m74b-o\" style=\"--tco-dc74b-g:rgb(29, 44, 88);--tco-dc74b-j:rgb(29, 44, 88);--tco-dc74b-m:rgb(29, 44, 88);\"><div class=\"x-row-inner\"><div class=\"x-col e9227-e18 m74b-t m74b-v m74b-x m74b-y m74b-z m74b-15\"><div class=\"x-text x-content e9227-e19 m74b-18 m74b-1e m74b-1h m74b-1j m74b-1k m74b-1l m74b-1m m74b-1o\"><h2 class=\"txt_white\">\u00bfNo tiene seguro dental?<\/h2>\n<h3 class=\"txt_white\">No hay problema.<\/h3><\/div><\/div><div class=\"x-col e9227-e20 m74b-t m74b-v m74b-x m74b-z m74b-12 m74b-16\" style=\"--tco-dc74b-p:rgb(255, 255, 255);\"><div class=\"x-text x-content e9227-e21 m74b-18 m74b-19 m74b-1a m74b-1d m74b-1e m74b-1l m74b-1p m74b-1q m74b-1r\"><p class=\"pdefault brand_color\"><b>Planes para adultos desde<\/b><\/p><\/div><div class=\"x-counter e9227-e22 m74b-1u\" style=\"--tco-dc74b-r:rgb(29, 44, 88);\" data-x-element-counter=\"{&quot;to&quot;:&quot;12.50&quot;,&quot;speed&quot;:&quot;2s&quot;,&quot;commaSeparatedDecimal&quot;:false}\"><div class=\"x-counter-number-wrap\"><span class=\"x-counter-number-prefix\">$<\/span><span class=\"x-counter-number\">100.00<\/span><\/div><\/div><div class=\"x-text x-content e9227-e23 m74b-18 m74b-19 m74b-1a m74b-1d m74b-1e m74b-1f m74b-1l m74b-1p m74b-1r\"><p class=\"pdefault brand_color\"><b>al mes!*<\/b><\/p><\/div><div class=\"x-text x-content e9227-e24 m74b-18 m74b-19 m74b-1a m74b-1d m74b-1e m74b-1f m74b-1l m74b-1p m74b-1r\"><p class=\"p8px\">*Professional Smiles ofrece el plan de descuento interno s\u00f3lo a pacientes sin seguro dental. No se puede combinar con un seguro dental. El plan se factura anualmente, por lo que el coste \"tan bajo como\" es un desglose mensual de esa cuota anual.<\/p><\/div><\/div><\/div><\/div><div class=\"x-row x-container max width e9227-e25 m74b-7 m74b-b m74b-c m74b-g m74b-k m74b-p\" style=\"--tco-dc74b-t:rgb(29, 44, 88);--tco-dc74b-w:rgb(29, 44, 88);\"><div class=\"x-row-inner\"><div class=\"x-col e9227-e26 m74b-t m74b-v m74b-x m74b-y m74b-z m74b-12\"><div class=\"x-text x-content e9227-e27 m74b-18 m74b-1d m74b-1e m74b-1h m74b-1j m74b-1k m74b-1l m74b-1q\"><h3 class=\"txt_white\">P\u00f3ngase en contacto con nosotros hoy mismo para inscribirse en nuestro plan de descuentos internos.<\/h3><\/div><div class=\"x-text x-content e9227-e28 m74b-18 m74b-19 m74b-1d m74b-1e m74b-1j m74b-1l m74b-1p m74b-1q\"><p class=\"pdefault txt_white\">Con este plan de descuentos, garantizar\u00e1 la salud de su sonrisa y ahorrar\u00e1 dinero. Nos encantar\u00eda responder a cualquiera de sus preguntas.<\/p><\/div><\/div><\/div><\/div><\/div><div class=\"x-section e9227-e29 m74b-0 m74b-3 m74b-5\" style=\"--tco-dc74b-z:rgba(241, 236, 214, 0.4);--tco-dc74b-12:rgba(241, 236, 214, 0.4);\"><div class=\"x-row x-container max width e9227-e30 m74b-7 m74b-b m74b-c m74b-e m74b-h m74b-k m74b-q\" style=\"--tco-dc74b-15:rgb(255, 255, 255);--tco-dc74b-18:rgb(255, 255, 255);--tco-dc74b-1b:rgb(255, 255, 255);\"><div class=\"x-row-inner\"><div class=\"x-col e9227-e31 m74b-t m74b-u m74b-x m74b-y m74b-11 m74b-12\"><div class=\"x-text x-content e9227-e32 m74b-18 m74b-1a m74b-1d m74b-1h m74b-1k m74b-1l m74b-1n m74b-1q\"><h2>C\u00f3mo funciona el plan de descuentos internos<\/h2><\/div><div class=\"x-text x-content e9227-e33 m74b-18 m74b-19 m74b-1d m74b-1j m74b-1l m74b-1p m74b-1s\"><p class=\"pdefault\"><strong>Podr\u00e1 acogerse a este plan tanto si es un paciente nuevo como si ya lo es, siempre que no tenga un seguro dental.<\/strong><\/p>\n<p class=\"pdefault\"><b>Puedes inscribirte en el plan en la oficina,<\/b> y sus prestaciones ser\u00e1n v\u00e1lidas durante todo un a\u00f1o. Nos ocupamos de todos los detalles para que pueda disfrutar de una sonrisa sin preocupaciones.<\/p><\/div><\/div><div class=\"x-col e9227-e34 m74b-x m74b-y m74b-14\"><div class=\"x-bg\"><div class=\"x-bg-layer-lower-img\"><img decoding=\"async\" src=\"https:\/\/professionalsmiles.net\/wp-content\/uploads\/sites\/28\/2021\/04\/HCD_paymentPlan4.jpg\" srcset=\"https:\/\/professionalsmiles.net\/wp-content\/uploads\/sites\/28\/2021\/04\/HCD_paymentPlan4.jpg 880w, https:\/\/professionalsmiles.net\/wp-content\/uploads\/sites\/28\/2021\/04\/HCD_paymentPlan4-300x259.jpg 300w, https:\/\/professionalsmiles.net\/wp-content\/uploads\/sites\/28\/2021\/04\/HCD_paymentPlan4-768x663.jpg 768w, https:\/\/professionalsmiles.net\/wp-content\/uploads\/sites\/28\/2021\/04\/HCD_paymentPlan4-100x86.jpg 100w\" sizes=\"(max-width: 880px) 100vw, 880px\" alt=\"A smiling couple stands close together outside a house with gray siding and a yellow door, looking happy and relaxed in the daylight.\"\/><\/div><\/div><\/div><\/div><\/div><div class=\"x-row x-container max width e9227-e35 m74b-7 m74b-b m74b-c m74b-i m74b-k m74b-r\" style=\"--tco-dc74b-1e:rgb(255, 255, 255);--tco-dc74b-1h:rgb(255, 255, 255);\"><div class=\"x-row-inner\"><div class=\"x-col e9227-e36 m74b-t m74b-u m74b-x m74b-y m74b-11 m74b-12 m74b-15\"><div class=\"x-text x-content e9227-e37 m74b-18 m74b-1d m74b-1h m74b-1j m74b-1k m74b-1l m74b-1o\"><h3>Las ventajas del plan de descuento interno incluyen:<\/h3><\/div><div class=\"x-text x-content e9227-e38 m74b-18 m74b-19 m74b-1a m74b-1d m74b-1f m74b-1l m74b-1n m74b-1p m74b-1t\"><ul>\n<li>No hay prestaciones m\u00e1ximas anuales individuales o familiares permitidas<\/li>\n<li>Sin franquicias<\/li>\n<li>No hay que rellenar ni enviar formularios de reclamaci\u00f3n al seguro<\/li>\n<li>Sin limitaciones del seguro para tratamientos preexistentes<\/li>\n<li>Sin requisitos de autorizaci\u00f3n previa<\/li>\n<li>No se deniega la cobertura a los pacientes sin seguro<\/li>\n<li>Sin gastos ocultos<\/li>\n<li>Admisibilidad inmediata sin periodos de espera<\/li>\n<li>Excelente atenci\u00f3n dental con importantes descuentos<\/li>\n<\/ul><\/div><\/div><\/div><\/div><div class=\"x-row x-container max width e9227-e39 m74b-7 m74b-b m74b-c m74b-j m74b-k m74b-s\" style=\"--tco-dc74b-1k:rgb(29, 44, 88);--tco-dc74b-1n:rgb(29, 44, 88);\"><div class=\"x-row-inner\"><div class=\"x-col e9227-e40 m74b-t m74b-v m74b-x m74b-y m74b-z m74b-12\"><div class=\"x-text x-content e9227-e41 m74b-18 m74b-1a m74b-1d m74b-1e m74b-1h m74b-1k m74b-1l m74b-1q\"><h3 class=\"txt_white\">\u00bfEst\u00e1 listo para inscribirse o quiere saber m\u00e1s sobre c\u00f3mo puede ahorrar con el plan de descuentos internos?<\/h3><\/div><div class=\"x-text x-content e9227-e42 m74b-18 m74b-1a m74b-1d m74b-1e m74b-1h m74b-1k m74b-1l m74b-1q\"><h3 class=\"txt_white\">P\u00f3ngase en contacto con nosotros hoy mismo.<\/h3><\/div><\/div><\/div><\/div><\/div><\/div>","protected":false},"excerpt":{"rendered":"<p>\u00bfNo tiene seguro? No hay problema. Plan de descuento dental en Davenport, Florida. \u00a1P\u00f3ngase en contacto con Professional Smiles en 863-420-4130 para obtener ayuda ahora!<\/p>","protected":false},"author":2,"featured_media":0,"parent":0,"menu_order":0,"comment_status":"closed","ping_status":"closed","template":"template-blank-4.php","meta":{"footnotes":""},"class_list":["post-9227","page","type-page","status-publish","hentry","no-post-thumbnail"],"aioseo_notices":[],"aioseo_head":"\n\t\t<!-- All in One SEO Pro 4.9.5.1 - aioseo.com -->\n\t<meta name=\"description\" content=\"No insurance? No problem! In-house dental discount plan in Davenport, Florida. Contact Professional Smiles at 863-420-4130 to get help now!\" \/>\n\t<meta name=\"robots\" content=\"max-image-preview:large\" \/>\n\t<link rel=\"canonical\" href=\"https:\/\/professionalsmiles.net\/es\/inhouse-discount-plan\/\" \/>\n\t<meta name=\"generator\" content=\"All in One SEO Pro (AIOSEO) 4.9.5.1\" \/>\n\t\t<meta property=\"og:locale\" content=\"es_ES\" \/>\n\t\t<meta property=\"og:site_name\" content=\"Professional Smiles - Professional Smiles\" \/>\n\t\t<meta property=\"og:type\" content=\"article\" \/>\n\t\t<meta property=\"og:title\" content=\"InHouse Discount Plan - Professional Smiles Davenport Dentist Near You\" \/>\n\t\t<meta property=\"og:description\" content=\"No insurance? No problem! In-house dental discount plan in Davenport, Florida. Contact Professional Smiles at 863-420-4130 to get help now!\" \/>\n\t\t<meta property=\"og:url\" content=\"https:\/\/professionalsmiles.net\/es\/inhouse-discount-plan\/\" \/>\n\t\t<meta property=\"og:image\" content=\"https:\/\/professionalsmiles.net\/wp-content\/uploads\/sites\/28\/2024\/02\/ICON-Color_1024x1024.png\" \/>\n\t\t<meta property=\"og:image:secure_url\" content=\"https:\/\/professionalsmiles.net\/wp-content\/uploads\/sites\/28\/2024\/02\/ICON-Color_1024x1024.png\" \/>\n\t\t<meta property=\"og:image:width\" content=\"1024\" \/>\n\t\t<meta property=\"og:image:height\" content=\"1024\" \/>\n\t\t<meta property=\"article:published_time\" content=\"2020-08-26T13:06:17+00:00\" \/>\n\t\t<meta property=\"article:modified_time\" content=\"2026-04-21T18:36:38+00:00\" \/>\n\t\t<meta name=\"twitter:card\" content=\"summary\" \/>\n\t\t<meta name=\"twitter:title\" content=\"InHouse Discount Plan - Professional Smiles Davenport Dentist Near You\" \/>\n\t\t<meta name=\"twitter:description\" content=\"No insurance? No problem! In-house dental discount plan in Davenport, Florida. Contact Professional Smiles at 863-420-4130 to get help now!\" \/>\n\t\t<meta name=\"twitter:image\" content=\"https:\/\/professionalsmiles.net\/wp-content\/uploads\/sites\/28\/2024\/02\/ICON-Color_1024x1024.png\" \/>\n\t\t<script type=\"application\/ld+json\" class=\"aioseo-schema\">\n\t\t\t{\"@context\":\"https:\\\/\\\/schema.org\",\"@graph\":[{\"@type\":\"BreadcrumbList\",\"@id\":\"https:\\\/\\\/professionalsmiles.net\\\/es\\\/inhouse-discount-plan\\\/#breadcrumblist\",\"itemListElement\":[{\"@type\":\"ListItem\",\"@id\":\"https:\\\/\\\/professionalsmiles.net\\\/es#listItem\",\"position\":1,\"name\":\"Home\",\"item\":\"https:\\\/\\\/professionalsmiles.net\\\/es\",\"nextItem\":{\"@type\":\"ListItem\",\"@id\":\"https:\\\/\\\/professionalsmiles.net\\\/es\\\/inhouse-discount-plan\\\/#listItem\",\"name\":\"InHouse Discount Plan\"}},{\"@type\":\"ListItem\",\"@id\":\"https:\\\/\\\/professionalsmiles.net\\\/es\\\/inhouse-discount-plan\\\/#listItem\",\"position\":2,\"name\":\"InHouse Discount Plan\",\"previousItem\":{\"@type\":\"ListItem\",\"@id\":\"https:\\\/\\\/professionalsmiles.net\\\/es#listItem\",\"name\":\"Home\"}}]},{\"@type\":\"Organization\",\"@id\":\"https:\\\/\\\/professionalsmiles.net\\\/es\\\/#organization\",\"name\":\"Professional Smiles\",\"description\":\"Professional Smiles\",\"url\":\"https:\\\/\\\/professionalsmiles.net\\\/es\\\/\",\"email\":\"info@professionalsmiles.net\",\"telephone\":\"+18634204130\",\"logo\":{\"@type\":\"ImageObject\",\"url\":\"http:\\\/\\\/master.operationdental.com\\\/wp-content\\\/uploads\\\/2024\\\/02\\\/ProfessionalSmileslogoColor_750w.png\",\"@id\":\"https:\\\/\\\/professionalsmiles.net\\\/es\\\/inhouse-discount-plan\\\/#organizationLogo\"},\"image\":{\"@id\":\"https:\\\/\\\/professionalsmiles.net\\\/es\\\/inhouse-discount-plan\\\/#organizationLogo\"},\"address\":{\"@id\":\"https:\\\/\\\/professionalsmiles.net\\\/es\\\/#postaladdress\",\"@type\":\"PostalAddress\",\"streetAddress\":\"2300 Deer Creek Commerce LN,\",\"postalCode\":\"33837\",\"addressLocality\":\"Davenport\",\"addressRegion\":\"Florida\",\"addressCountry\":\"US\"}},{\"@type\":\"WebPage\",\"@id\":\"https:\\\/\\\/professionalsmiles.net\\\/es\\\/inhouse-discount-plan\\\/#webpage\",\"url\":\"https:\\\/\\\/professionalsmiles.net\\\/es\\\/inhouse-discount-plan\\\/\",\"name\":\"InHouse Discount Plan - Professional Smiles Davenport Dentist Near You\",\"description\":\"No insurance? No problem! In-house dental discount plan in Davenport, Florida. Contact Professional Smiles at 863-420-4130 to get help now!\",\"inLanguage\":\"es-ES\",\"isPartOf\":{\"@id\":\"https:\\\/\\\/professionalsmiles.net\\\/es\\\/#website\"},\"breadcrumb\":{\"@id\":\"https:\\\/\\\/professionalsmiles.net\\\/es\\\/inhouse-discount-plan\\\/#breadcrumblist\"},\"datePublished\":\"2020-08-26T13:06:17-04:00\",\"dateModified\":\"2026-04-21T14:36:38-04:00\"},{\"@type\":\"WebSite\",\"@id\":\"https:\\\/\\\/professionalsmiles.net\\\/es\\\/#website\",\"url\":\"https:\\\/\\\/professionalsmiles.net\\\/es\\\/\",\"name\":\"Professional Smiles\",\"description\":\"Professional Smiles\",\"inLanguage\":\"es-ES\",\"publisher\":{\"@id\":\"https:\\\/\\\/professionalsmiles.net\\\/es\\\/#organization\"}}]}\n\t\t<\/script>\n\t\t<!-- All in One SEO Pro -->\r\n\t\t<title>InHouse Discount Plan - Professional Smiles Davenport Dentist Near You<\/title>\n\n","aioseo_head_json":{"title":"Plan de descuentos InHouse - Professional Smiles Davenport Dentista cerca de usted","description":"\u00bfNo tiene seguro? No hay problema. Plan de descuento dental en Davenport, Florida. \u00a1P\u00f3ngase en contacto con Professional Smiles en 863-420-4130 para obtener ayuda ahora!","canonical_url":"https:\/\/professionalsmiles.net\/es\/inhouse-discount-plan\/","robots":"max-image-preview:large","keywords":"","webmasterTools":{"miscellaneous":""},"schema":{"@context":"https:\/\/schema.org","@graph":[{"@type":"BreadcrumbList","@id":"https:\/\/professionalsmiles.net\/es\/inhouse-discount-plan\/#breadcrumblist","itemListElement":[{"@type":"ListItem","@id":"https:\/\/professionalsmiles.net\/es#listItem","position":1,"name":"Home","item":"https:\/\/professionalsmiles.net\/es","nextItem":{"@type":"ListItem","@id":"https:\/\/professionalsmiles.net\/es\/inhouse-discount-plan\/#listItem","name":"InHouse Discount Plan"}},{"@type":"ListItem","@id":"https:\/\/professionalsmiles.net\/es\/inhouse-discount-plan\/#listItem","position":2,"name":"InHouse Discount Plan","previousItem":{"@type":"ListItem","@id":"https:\/\/professionalsmiles.net\/es#listItem","name":"Home"}}]},{"@type":"Organization","@id":"https:\/\/professionalsmiles.net\/es\/#organization","name":"Professional Smiles","description":"Professional Smiles","url":"https:\/\/professionalsmiles.net\/es\/","email":"info@professionalsmiles.net","telephone":"+18634204130","logo":{"@type":"ImageObject","url":"http:\/\/master.operationdental.com\/wp-content\/uploads\/2024\/02\/ProfessionalSmileslogoColor_750w.png","@id":"https:\/\/professionalsmiles.net\/es\/inhouse-discount-plan\/#organizationLogo"},"image":{"@id":"https:\/\/professionalsmiles.net\/es\/inhouse-discount-plan\/#organizationLogo"},"address":{"@id":"https:\/\/professionalsmiles.net\/es\/#postaladdress","@type":"PostalAddress","streetAddress":"2300 Deer Creek Commerce LN,","postalCode":"33837","addressLocality":"Davenport","addressRegion":"Florida","addressCountry":"US"}},{"@type":"WebPage","@id":"https:\/\/professionalsmiles.net\/es\/inhouse-discount-plan\/#webpage","url":"https:\/\/professionalsmiles.net\/es\/inhouse-discount-plan\/","name":"InHouse Discount Plan - Professional Smiles Davenport Dentist Near You","description":"No insurance? No problem! In-house dental discount plan in Davenport, Florida. Contact Professional Smiles at 863-420-4130 to get help now!","inLanguage":"es-ES","isPartOf":{"@id":"https:\/\/professionalsmiles.net\/es\/#website"},"breadcrumb":{"@id":"https:\/\/professionalsmiles.net\/es\/inhouse-discount-plan\/#breadcrumblist"},"datePublished":"2020-08-26T13:06:17-04:00","dateModified":"2026-04-21T14:36:38-04:00"},{"@type":"WebSite","@id":"https:\/\/professionalsmiles.net\/es\/#website","url":"https:\/\/professionalsmiles.net\/es\/","name":"Professional Smiles","description":"Professional Smiles","inLanguage":"es-ES","publisher":{"@id":"https:\/\/professionalsmiles.net\/es\/#organization"}}]},"og:locale":"es_ES","og:site_name":"Professional Smiles - Professional Smiles","og:type":"article","og:title":"InHouse Discount Plan - Professional Smiles Davenport Dentist Near You","og:description":"No insurance? No problem! In-house dental discount plan in Davenport, Florida. Contact Professional Smiles at 863-420-4130 to get help now!","og:url":"https:\/\/professionalsmiles.net\/es\/inhouse-discount-plan\/","og:image":"https:\/\/professionalsmiles.net\/wp-content\/uploads\/sites\/28\/2024\/02\/ICON-Color_1024x1024.png","og:image:secure_url":"https:\/\/professionalsmiles.net\/wp-content\/uploads\/sites\/28\/2024\/02\/ICON-Color_1024x1024.png","og:image:width":1024,"og:image:height":1024,"article:published_time":"2020-08-26T13:06:17+00:00","article:modified_time":"2026-04-21T18:36:38+00:00","twitter:card":"summary","twitter:title":"InHouse Discount Plan - Professional Smiles Davenport Dentist Near You","twitter:description":"No insurance? No problem! In-house dental discount plan in Davenport, Florida. Contact Professional Smiles at 863-420-4130 to get help now!","twitter:image":"https:\/\/professionalsmiles.net\/wp-content\/uploads\/sites\/28\/2024\/02\/ICON-Color_1024x1024.png"},"aioseo_meta_data":{"post_id":"9227","title":null,"description":null,"keywords":null,"keyphrases":null,"primary_term":null,"canonical_url":null,"og_title":null,"og_description":null,"og_object_type":"default","og_image_type":"default","og_image_url":null,"og_image_width":null,"og_image_height":null,"og_image_custom_url":null,"og_image_custom_fields":null,"og_video":null,"og_custom_url":null,"og_article_section":null,"og_article_tags":null,"twitter_use_og":false,"twitter_card":"default","twitter_image_type":"default","twitter_image_url":null,"twitter_image_custom_url":null,"twitter_image_custom_fields":null,"twitter_title":null,"twitter_description":null,"schema":{"blockGraphs":[],"customGraphs":[],"default":{"data":{"Article":[],"Course":[],"Dataset":[],"FAQPage":[],"Movie":[],"Person":[],"Product":[],"ProductReview":[],"Car":[],"Recipe":[],"Service":[],"SoftwareApplication":[],"WebPage":[]},"graphName":"","isEnabled":true},"graphs":[]},"schema_type":"default","schema_type_options":null,"pillar_content":false,"robots_default":true,"robots_noindex":false,"robots_noarchive":false,"robots_nosnippet":false,"robots_nofollow":false,"robots_noimageindex":false,"robots_noodp":false,"robots_notranslate":false,"robots_max_snippet":null,"robots_max_videopreview":null,"robots_max_imagepreview":"large","priority":null,"frequency":null,"local_seo":null,"seo_analyzer_scan_date":"2026-04-21 18:40:20","breadcrumb_settings":null,"limit_modified_date":false,"reviewed_by":null,"open_ai":null,"ai":null,"created":"2023-10-18 17:08:23","updated":"2026-04-21 18:40:20"},"aioseo_breadcrumb":"<div class=\"aioseo-breadcrumbs\"><span class=\"aioseo-breadcrumb\">\n\t<a href=\"https:\/\/professionalsmiles.net\/es\" title=\"Home\">Home<\/a>\n<\/span><span class=\"aioseo-breadcrumb-separator\">\u00bb<\/span><span class=\"aioseo-breadcrumb\">\n\tInHouse Discount Plan\n<\/span><\/div>","aioseo_breadcrumb_json":[{"label":"Home","link":"https:\/\/professionalsmiles.net\/es"},{"label":"InHouse Discount Plan","link":"https:\/\/professionalsmiles.net\/es\/inhouse-discount-plan\/"}],"_links":{"self":[{"href":"https:\/\/professionalsmiles.net\/es\/wp-json\/wp\/v2\/pages\/9227","targetHints":{"allow":["GET"]}}],"collection":[{"href":"https:\/\/professionalsmiles.net\/es\/wp-json\/wp\/v2\/pages"}],"about":[{"href":"https:\/\/professionalsmiles.net\/es\/wp-json\/wp\/v2\/types\/page"}],"author":[{"embeddable":true,"href":"https:\/\/professionalsmiles.net\/es\/wp-json\/wp\/v2\/users\/2"}],"replies":[{"embeddable":true,"href":"https:\/\/professionalsmiles.net\/es\/wp-json\/wp\/v2\/comments?post=9227"}],"version-history":[{"count":0,"href":"https:\/\/professionalsmiles.net\/es\/wp-json\/wp\/v2\/pages\/9227\/revisions"}],"wp:attachment":[{"href":"https:\/\/professionalsmiles.net\/es\/wp-json\/wp\/v2\/media?parent=9227"}],"curies":[{"name":"wp","href":"https:\/\/api.w.org\/{rel}","templated":true}]}}